{"id":22,"date":"2022-12-08T07:38:46","date_gmt":"2022-12-08T07:38:46","guid":{"rendered":"https:\/\/tac-industry.com\/?page_id=22"},"modified":"2022-12-08T10:51:42","modified_gmt":"2022-12-08T10:51:42","slug":"ho-tro","status":"publish","type":"page","link":"https:\/\/tac-industry.com\/en\/ho-tro\/","title":{"rendered":"SUPPORT"},"content":{"rendered":"","protected":false},"excerpt":{"rendered":"","protected":false},"author":1,"featured_media":0,"parent":0,"menu_order":0,"comment_status":"closed","ping_status":"closed","template":"support.php","meta":{"footnotes":""},"class_list":["post-22","page","type-page","status-publish","hentry"],"acf":[],"yoast_head":"<!-- This site is optimized with the Yoast SEO plugin v21.5 - https:\/\/yoast.com\/wordpress\/plugins\/seo\/ -->\n<title>H\u1ed7 tr\u1ee3 - TAC | C\u00d4NG TY C\u1ed4 PH\u1ea6N TOP AMERICAN VI\u1ec6T NAM<\/title>\n<meta name=\"robots\" content=\"index, follow, max-snippet:-1, max-image-preview:large, max-video-preview:-1\" \/>\n<link rel=\"canonical\" href=\"https:\/\/tac-industry.com\/en\/ho-tro\/\" \/>\n<meta property=\"og:locale\" content=\"en_US\" \/>\n<meta property=\"og:type\" content=\"article\" \/>\n<meta property=\"og:title\" content=\"H\u1ed7 tr\u1ee3 - TAC | C\u00d4NG TY C\u1ed4 PH\u1ea6N TOP AMERICAN VI\u1ec6T NAM\" \/>\n<meta property=\"og:url\" content=\"https:\/\/tac-industry.com\/en\/ho-tro\/\" \/>\n<meta property=\"og:site_name\" content=\"TAC | C\u00d4NG TY C\u1ed4 PH\u1ea6N TOP AMERICAN VI\u1ec6T NAM\" \/>\n<meta property=\"article:modified_time\" content=\"2022-12-08T10:51:42+00:00\" \/>\n<meta name=\"twitter:card\" content=\"summary_large_image\" \/>\n<script type=\"application\/ld+json\" class=\"yoast-schema-graph\">{\"@context\":\"https:\/\/schema.org\",\"@graph\":[{\"@type\":\"WebPage\",\"@id\":\"https:\/\/tac-industry.com\/ho-tro\/\",\"url\":\"https:\/\/tac-industry.com\/ho-tro\/\",\"name\":\"H\u1ed7 tr\u1ee3 - TAC | C\u00d4NG TY C\u1ed4 PH\u1ea6N TOP AMERICAN VI\u1ec6T NAM\",\"isPartOf\":{\"@id\":\"https:\/\/tac-industry.com\/#website\"},\"datePublished\":\"2022-12-08T07:38:46+00:00\",\"dateModified\":\"2022-12-08T10:51:42+00:00\",\"breadcrumb\":{\"@id\":\"https:\/\/tac-industry.com\/ho-tro\/#breadcrumb\"},\"inLanguage\":\"en-US\",\"potentialAction\":[{\"@type\":\"ReadAction\",\"target\":[\"https:\/\/tac-industry.com\/ho-tro\/\"]}]},{\"@type\":\"BreadcrumbList\",\"@id\":\"https:\/\/tac-industry.com\/ho-tro\/#breadcrumb\",\"itemListElement\":[{\"@type\":\"ListItem\",\"position\":1,\"name\":\"Home\",\"item\":\"https:\/\/tac-industry.com\/\"},{\"@type\":\"ListItem\",\"position\":2,\"name\":\"H\u1ed7 tr\u1ee3\"}]},{\"@type\":\"WebSite\",\"@id\":\"https:\/\/tac-industry.com\/#website\",\"url\":\"https:\/\/tac-industry.com\/\",\"name\":\"TAC | C\u00d4NG TY C\u1ed4 PH\u1ea6N TOP AMERICAN VI\u1ec6T NAM\",\"description\":\"TAC s\u1ea3n Xu\u1ea5t, Cung \u1ee9ng Tr\u1ea7n Kim Lo\u1ea1i, T\u1ea5m Aluminium, Tran Kim loai dep, Tr\u1ea7n Nh\u00f4m, T\u1ea5m ALU, b\u00e1o gi\u00e1 thi c\u00f4ng tr\u1ea7n Kim lo\u1ea1i, T\u1ea5m Alu uy t\u00edn nh\u1ea5t Vi\u1ec7t Nam.\",\"potentialAction\":[{\"@type\":\"SearchAction\",\"target\":{\"@type\":\"EntryPoint\",\"urlTemplate\":\"https:\/\/tac-industry.com\/?s={search_term_string}\"},\"query-input\":\"required name=search_term_string\"}],\"inLanguage\":\"en-US\"}]}<\/script>\n<!-- \/ Yoast SEO plugin. -->","yoast_head_json":{"title":"H\u1ed7 tr\u1ee3 - TAC | C\u00d4NG TY C\u1ed4 PH\u1ea6N TOP AMERICAN VI\u1ec6T NAM","robots":{"index":"index","follow":"follow","max-snippet":"max-snippet:-1","max-image-preview":"max-image-preview:large","max-video-preview":"max-video-preview:-1"},"canonical":"https:\/\/tac-industry.com\/en\/ho-tro\/","og_locale":"en_US","og_type":"article","og_title":"H\u1ed7 tr\u1ee3 - TAC | C\u00d4NG TY C\u1ed4 PH\u1ea6N TOP AMERICAN VI\u1ec6T NAM","og_url":"https:\/\/tac-industry.com\/en\/ho-tro\/","og_site_name":"TAC | C\u00d4NG TY C\u1ed4 PH\u1ea6N TOP AMERICAN VI\u1ec6T NAM","article_modified_time":"2022-12-08T10:51:42+00:00","twitter_card":"summary_large_image","schema":{"@context":"https:\/\/schema.org","@graph":[{"@type":"WebPage","@id":"https:\/\/tac-industry.com\/ho-tro\/","url":"https:\/\/tac-industry.com\/ho-tro\/","name":"H\u1ed7 tr\u1ee3 - TAC | C\u00d4NG TY C\u1ed4 PH\u1ea6N TOP AMERICAN VI\u1ec6T NAM","isPartOf":{"@id":"https:\/\/tac-industry.com\/#website"},"datePublished":"2022-12-08T07:38:46+00:00","dateModified":"2022-12-08T10:51:42+00:00","breadcrumb":{"@id":"https:\/\/tac-industry.com\/ho-tro\/#breadcrumb"},"inLanguage":"en-US","potentialAction":[{"@type":"ReadAction","target":["https:\/\/tac-industry.com\/ho-tro\/"]}]},{"@type":"BreadcrumbList","@id":"https:\/\/tac-industry.com\/ho-tro\/#breadcrumb","itemListElement":[{"@type":"ListItem","position":1,"name":"Home","item":"https:\/\/tac-industry.com\/"},{"@type":"ListItem","position":2,"name":"H\u1ed7 tr\u1ee3"}]},{"@type":"WebSite","@id":"https:\/\/tac-industry.com\/#website","url":"https:\/\/tac-industry.com\/","name":"TAC | C\u00d4NG TY C\u1ed4 PH\u1ea6N TOP AMERICAN VI\u1ec6T NAM","description":"TAC s\u1ea3n Xu\u1ea5t, Cung \u1ee9ng Tr\u1ea7n Kim Lo\u1ea1i, T\u1ea5m Aluminium, Tran Kim loai dep, Tr\u1ea7n Nh\u00f4m, T\u1ea5m ALU, b\u00e1o gi\u00e1 thi c\u00f4ng tr\u1ea7n Kim lo\u1ea1i, T\u1ea5m Alu uy t\u00edn nh\u1ea5t Vi\u1ec7t Nam.","potentialAction":[{"@type":"SearchAction","target":{"@type":"EntryPoint","urlTemplate":"https:\/\/tac-industry.com\/?s={search_term_string}"},"query-input":"required name=search_term_string"}],"inLanguage":"en-US"}]}},"_links":{"self":[{"href":"https:\/\/tac-industry.com\/en\/wp-json\/wp\/v2\/pages\/22","targetHints":{"allow":["GET"]}}],"collection":[{"href":"https:\/\/tac-industry.com\/en\/wp-json\/wp\/v2\/pages"}],"about":[{"href":"https:\/\/tac-industry.com\/en\/wp-json\/wp\/v2\/types\/page"}],"author":[{"embeddable":true,"href":"https:\/\/tac-industry.com\/en\/wp-json\/wp\/v2\/users\/1"}],"replies":[{"embeddable":true,"href":"https:\/\/tac-industry.com\/en\/wp-json\/wp\/v2\/comments?post=22"}],"version-history":[{"count":2,"href":"https:\/\/tac-industry.com\/en\/wp-json\/wp\/v2\/pages\/22\/revisions"}],"predecessor-version":[{"id":163,"href":"https:\/\/tac-industry.com\/en\/wp-json\/wp\/v2\/pages\/22\/revisions\/163"}],"wp:attachment":[{"href":"https:\/\/tac-industry.com\/en\/wp-json\/wp\/v2\/media?parent=22"}],"curies":[{"name":"wp","href":"https:\/\/api.w.org\/{rel}","templated":true}]}}